{"id":3641,"date":"2016-06-14T12:16:56","date_gmt":"2016-06-14T12:16:56","guid":{"rendered":"http:\/\/my-religion.cmsmasters.net\/?page_id=3641"},"modified":"2026-02-18T13:00:14","modified_gmt":"2026-02-18T12:00:14","slug":"contact","status":"publish","type":"page","link":"http:\/\/baptyscizelow.pl\/?page_id=3641","title":{"rendered":"Contact"},"content":{"rendered":"<style type=\"text\/css\"> \n#cmsmasters_row_69e752c054f716_61421068 .cmsmasters_row_outer_parent { \n\tpadding-top: 0px; \n} \n\n#cmsmasters_row_69e752c054f716_61421068 .cmsmasters_row_outer_parent { \n\tpadding-bottom: 0px; \n} \n\n#cmsmasters_row_69e752c054f716_61421068 .cmsmasters_row_inner.cmsmasters_row_fullwidth { \n\tpadding-left:0%; \n} \n#cmsmasters_row_69e752c054f716_61421068 .cmsmasters_row_inner.cmsmasters_row_fullwidth { \n\tpadding-right:0%; \n} \n \n#cmsmasters_row_69e752c05507d2_48944406 .cmsmasters_row_outer_parent { \n\tpadding-top: 0px; \n} \n\n#cmsmasters_row_69e752c05507d2_48944406 .cmsmasters_row_inner.cmsmasters_row_fullwidth { \n\tpadding-left:0%; \n} \n#cmsmasters_row_69e752c05507d2_48944406 .cmsmasters_row_inner.cmsmasters_row_fullwidth { \n\tpadding-right:0%; \n} \n \n\n#cmsmasters_fb_69e752c0552598_57617612 { \n\tpadding-top:30px; \n\tpadding-bottom:30px; \n\tbackground-color:#f7a145;\n} \n\n#cmsmasters_fb_69e752c0552598_57617612 .featured_block_inner { \n\twidth: 100%; \n\tpadding: ; \n\ttext-align: left; \n\tmargin:0 auto; \n} \n\n#cmsmasters_fb_69e752c0552598_57617612 .featured_block_text { \n\ttext-align: left; \n} \n\n \n#cmsmasters_icon_69e752c0552d07_57580187 { \n\tdisplay:block; \n\ttext-align:center; } \n\n#cmsmasters_icon_69e752c0552d07_57580187 .cmsmasters_simple_icon { \n\tborder-width:0px; \n\twidth:90px; \n\theight:90px; \n\tfont-size:40px; \n\tline-height:90px; \n\ttext-align:center; \n\t-webkit-border-radius:50%; \n\tborder-radius:50%; \n\tcolor:#ffffff;} \n \n#cmsmasters_heading_69e752c05544c7_66350668 { \n\ttext-align:center; \n\tmargin-top:20px; \n\tmargin-bottom:10px; \n} \n\n#cmsmasters_heading_69e752c05544c7_66350668 .cmsmasters_heading { \n\ttext-align:center; \n} \n\n#cmsmasters_heading_69e752c05544c7_66350668 .cmsmasters_heading, #cmsmasters_heading_69e752c05544c7_66350668 .cmsmasters_heading a { \n\tfont-weight:bold; \n\tfont-style:normal; \n\tcolor:#ffffff;\n} \n\n#cmsmasters_heading_69e752c05544c7_66350668 .cmsmasters_heading_divider { \n} \n\n \n#cmsmasters_heading_69e752c0554e13_80584439 { \n\ttext-align:center; \n\tmargin-top:0px; \n\tmargin-bottom:20px; \n} \n\n#cmsmasters_heading_69e752c0554e13_80584439 .cmsmasters_heading { \n\ttext-align:center; \n} \n\n#cmsmasters_heading_69e752c0554e13_80584439 .cmsmasters_heading, #cmsmasters_heading_69e752c0554e13_80584439 .cmsmasters_heading a { \n\tfont-family:'Crimson Text'; \n\tfont-size:18px; \n\tline-height:20px; \n\tfont-weight:200; \n\tfont-style:italic; \n\tcolor:#f5f5f5;\n} \n\n#cmsmasters_heading_69e752c0554e13_80584439 .cmsmasters_heading_divider { \n} \n\n \n\n#cmsmasters_fb_69e752c05554b0_13240829 { \n\tpadding-top:30px; \n\tpadding-bottom:30px; \n\tbackground-color:#d14f42;\n} \n\n#cmsmasters_fb_69e752c05554b0_13240829 .featured_block_inner { \n\twidth: 100%; \n\tpadding: ; \n\ttext-align: left; \n\tmargin:0 auto; \n} \n\n#cmsmasters_fb_69e752c05554b0_13240829 .featured_block_text { \n\ttext-align: left; \n} \n\n \n#cmsmasters_icon_69e752c0555788_09352507 { \n\tdisplay:block; \n\ttext-align:center; } \n\n#cmsmasters_icon_69e752c0555788_09352507 .cmsmasters_simple_icon { \n\tborder-width:0px; \n\twidth:90px; \n\theight:90px; \n\tfont-size:40px; \n\tline-height:90px; \n\ttext-align:center; \n\t-webkit-border-radius:50%; \n\tborder-radius:50%; \n\tcolor:#ffffff;} \n \n#cmsmasters_heading_69e752c0555fc4_00135003 { \n\ttext-align:center; \n\tmargin-top:20px; \n\tmargin-bottom:10px; \n} \n\n#cmsmasters_heading_69e752c0555fc4_00135003 .cmsmasters_heading { \n\ttext-align:center; \n} \n\n#cmsmasters_heading_69e752c0555fc4_00135003 .cmsmasters_heading, #cmsmasters_heading_69e752c0555fc4_00135003 .cmsmasters_heading a { \n\tfont-weight:bold; \n\tfont-style:normal; \n\tcolor:#ffffff;\n} \n\n#cmsmasters_heading_69e752c0555fc4_00135003 .cmsmasters_heading_divider { \n} \n\n \n#cmsmasters_heading_69e752c0556791_88839034 { \n\ttext-align:center; \n\tmargin-top:0px; \n\tmargin-bottom:20px; \n} \n\n#cmsmasters_heading_69e752c0556791_88839034 .cmsmasters_heading { \n\ttext-align:center; \n} \n\n#cmsmasters_heading_69e752c0556791_88839034 .cmsmasters_heading, #cmsmasters_heading_69e752c0556791_88839034 .cmsmasters_heading a { \n\tfont-family:'Crimson Text'; \n\tfont-size:18px; \n\tline-height:20px; \n\tfont-weight:200; \n\tfont-style:italic; \n\tcolor:#f5f5f5;\n} \n\n#cmsmasters_heading_69e752c0556791_88839034 .cmsmasters_heading_divider { \n} \n\n \n\n#cmsmasters_fb_69e752c0556e10_48305308 { \n\tpadding-top:30px; \n\tpadding-bottom:30px; \n\tbackground-color:#a2473e;\n} \n\n#cmsmasters_fb_69e752c0556e10_48305308 .featured_block_inner { \n\twidth: 100%; \n\tpadding: ; \n\ttext-align: left; \n\tmargin:0 auto; \n} \n\n#cmsmasters_fb_69e752c0556e10_48305308 .featured_block_text { \n\ttext-align: left; \n} \n\n \n#cmsmasters_icon_69e752c0557122_34147549 { \n\tdisplay:block; \n\ttext-align:center; } \n\n#cmsmasters_icon_69e752c0557122_34147549 .cmsmasters_simple_icon { \n\tborder-width:0px; \n\twidth:90px; \n\theight:90px; \n\tfont-size:40px; \n\tline-height:90px; \n\ttext-align:center; \n\t-webkit-border-radius:50%; \n\tborder-radius:50%; \n\tcolor:#ffffff;} \n \n#cmsmasters_heading_69e752c0557b86_60912493 { \n\ttext-align:center; \n\tmargin-top:20px; \n\tmargin-bottom:10px; \n} \n\n#cmsmasters_heading_69e752c0557b86_60912493 .cmsmasters_heading { \n\ttext-align:center; \n} \n\n#cmsmasters_heading_69e752c0557b86_60912493 .cmsmasters_heading, #cmsmasters_heading_69e752c0557b86_60912493 .cmsmasters_heading a { \n\tfont-weight:bold; \n\tfont-style:normal; \n\tcolor:#ffffff;\n} \n\n#cmsmasters_heading_69e752c0557b86_60912493 .cmsmasters_heading_divider { \n} \n\n \n#cmsmasters_heading_69e752c0558560_56013830 { \n\ttext-align:center; \n\tmargin-top:0px; \n\tmargin-bottom:20px; \n} \n\n#cmsmasters_heading_69e752c0558560_56013830 .cmsmasters_heading { \n\ttext-align:center; \n} \n\n#cmsmasters_heading_69e752c0558560_56013830 .cmsmasters_heading, #cmsmasters_heading_69e752c0558560_56013830 .cmsmasters_heading a { \n\tfont-family:'Crimson Text'; \n\tfont-size:18px; \n\tline-height:20px; \n\tfont-weight:200; \n\tfont-style:italic; \n\tcolor:#f5f5f5;\n} \n\n#cmsmasters_heading_69e752c0558560_56013830 .cmsmasters_heading_divider { \n} \n\n \n\n#cmsmasters_fb_69e752c0558bd8_63107855 { \n\tpadding-top:30px; \n\tpadding-bottom:30px; \n\tbackground-color:#424555;\n} \n\n#cmsmasters_fb_69e752c0558bd8_63107855 .featured_block_inner { \n\twidth: 100%; \n\tpadding: ; \n\ttext-align: left; \n\tmargin:0 auto; \n} \n\n#cmsmasters_fb_69e752c0558bd8_63107855 .featured_block_text { \n\ttext-align: left; \n} \n\n \n#cmsmasters_icon_69e752c0559085_44263926 { \n\tdisplay:block; \n\ttext-align:center; } \n\n#cmsmasters_icon_69e752c0559085_44263926 .cmsmasters_simple_icon { \n\tborder-width:0px; \n\twidth:90px; \n\theight:90px; \n\tfont-size:40px; \n\tline-height:90px; \n\ttext-align:center; \n\t-webkit-border-radius:50%; \n\tborder-radius:50%; \n\tcolor:#ffffff;} \n \n#cmsmasters_heading_69e752c0559b71_48283001 { \n\ttext-align:center; \n\tmargin-top:20px; \n\tmargin-bottom:10px; \n} \n\n#cmsmasters_heading_69e752c0559b71_48283001 .cmsmasters_heading { \n\ttext-align:center; \n} \n\n#cmsmasters_heading_69e752c0559b71_48283001 .cmsmasters_heading, #cmsmasters_heading_69e752c0559b71_48283001 .cmsmasters_heading a { \n\tfont-weight:bold; \n\tfont-style:normal; \n\tcolor:#ffffff;\n} \n\n#cmsmasters_heading_69e752c0559b71_48283001 .cmsmasters_heading_divider { \n} \n\n \n#cmsmasters_heading_69e752c055a457_86338641 { \n\ttext-align:center; \n\tmargin-top:0px; \n\tmargin-bottom:20px; \n} \n\n#cmsmasters_heading_69e752c055a457_86338641 .cmsmasters_heading { \n\ttext-align:center; \n} \n\n#cmsmasters_heading_69e752c055a457_86338641 .cmsmasters_heading, #cmsmasters_heading_69e752c055a457_86338641 .cmsmasters_heading a { \n\tfont-family:'Crimson Text'; \n\tfont-size:18px; \n\tline-height:20px; \n\tfont-weight:200; \n\tfont-style:italic; \n\tcolor:#f5f5f5;\n} \n\n#cmsmasters_heading_69e752c055a457_86338641 .cmsmasters_heading_divider { \n} \n\n \n#cmsmasters_row_69e752c055a964_39648284 .cmsmasters_row_outer_parent { \n\tpadding-top: 100px; \n} \n\n#cmsmasters_row_69e752c055a964_39648284 .cmsmasters_row_outer_parent { \n\tpadding-bottom: 70px; \n} \n\n \n#cmsmasters_heading_69e752c055bbb9_25356205 { \n\ttext-align:center; \n\tmargin-top:0px; \n\tmargin-bottom:9px; \n} \n\n#cmsmasters_heading_69e752c055bbb9_25356205 .cmsmasters_heading { \n\ttext-align:center; \n} \n\n#cmsmasters_heading_69e752c055bbb9_25356205 .cmsmasters_heading, #cmsmasters_heading_69e752c055bbb9_25356205 .cmsmasters_heading a { \n\tfont-size:38px; \n\tfont-weight:bold; \n\tfont-style:normal; \n} \n\n#cmsmasters_heading_69e752c055bbb9_25356205 .cmsmasters_heading_divider { \n} \n\n \n#cmsmasters_heading_69e752c055c634_36680778 { \n\ttext-align:center; \n\tmargin-top:0px; \n\tmargin-bottom:35px; \n} \n\n#cmsmasters_heading_69e752c055c634_36680778 .cmsmasters_heading { \n\ttext-align:center; \n} \n\n#cmsmasters_heading_69e752c055c634_36680778 .cmsmasters_heading, #cmsmasters_heading_69e752c055c634_36680778 .cmsmasters_heading a { \n\tfont-family:'Crimson Text'; \n\tfont-weight:normal; \n\tfont-style:italic; \n\tcolor:#8b8b8b;\n} \n\n#cmsmasters_heading_69e752c055c634_36680778 .cmsmasters_heading_divider { \n} \n\n \n#cmsmasters_row_69e752c0561044_74071551 .cmsmasters_row_outer_parent { \n\tpadding-bottom: 120px; \n} \n\n<\/style><div id=\"cmsmasters_row_69e752c054f716_61421068\" class=\"cmsmasters_row cmsmasters_color_scheme_default cmsmasters_row_top_default cmsmasters_row_bot_default cmsmasters_row_fullwidth\">\n<div class=\"cmsmasters_row_outer_parent\">\n<div class=\"cmsmasters_row_outer\">\n<div class=\"cmsmasters_row_inner cmsmasters_row_fullwidth\">\n<div class=\"cmsmasters_row_margin\">\n<div class=\"cmsmasters_column one_first\">\n<\/div>\n<\/div>\n<\/div>\n<\/div>\n<\/div>\n<\/div>\n<div id=\"cmsmasters_row_69e752c05507d2_48944406\" class=\"cmsmasters_row cmsmasters_color_scheme_default cmsmasters_row_top_default cmsmasters_row_bot_default cmsmasters_row_fullwidth\">\n<div class=\"cmsmasters_row_outer_parent\">\n<div class=\"cmsmasters_row_outer\">\n<div class=\"cmsmasters_row_inner cmsmasters_row_fullwidth cmsmasters_row_no_margin\">\n<div class=\"cmsmasters_row_margin\">\n<div class=\"cmsmasters_column one_fourth\">\n<div id=\"cmsmasters_fb_69e752c0552598_57617612\" class=\"cmsmasters_featured_block\">\n<div class=\"featured_block_inner\">\n<div class=\"featured_block_text\">\n\n<div id=\"cmsmasters_icon_69e752c0552d07_57580187\" class=\"cmsmasters_icon_wrap\"><span class=\"cmsmasters_simple_icon cmsmasters-icon-location-3\"><\/span><\/div>\n\n<div id=\"cmsmasters_heading_69e752c05544c7_66350668\" class=\"cmsmasters_heading_wrap cmsmasters_heading_align_center\">\n\t<h4 class=\"cmsmasters_heading\">Ul. Sienkiewicza 8; 97-425 Zel\u00f3w<\/h4>\n<\/div><em>\n<div id=\"cmsmasters_heading_69e752c0554e13_80584439\" class=\"cmsmasters_heading_wrap cmsmasters_heading_align_center\">\n\t<h6 class=\"cmsmasters_heading\">Odwied\u017a nas.<\/h6>\n<\/div><\/em><\/p>\n<\/div>\n<\/div>\n<\/div>\n<\/div>\n<div class=\"cmsmasters_column one_fourth\">\n<div id=\"cmsmasters_fb_69e752c05554b0_13240829\" class=\"cmsmasters_featured_block\">\n<div class=\"featured_block_inner\">\n<div class=\"featured_block_text\">\n\n<div id=\"cmsmasters_icon_69e752c0555788_09352507\" class=\"cmsmasters_icon_wrap\"><span class=\"cmsmasters_simple_icon cmsmasters-icon-mail-3\"><\/span><\/div>\n\n<div id=\"cmsmasters_heading_69e752c0555fc4_00135003\" class=\"cmsmasters_heading_wrap cmsmasters_heading_align_center\">\n\t<h4 class=\"cmsmasters_heading\">baptyscizelow@poczta.onet.pl<\/h4>\n<\/div><em>\n<div id=\"cmsmasters_heading_69e752c0556791_88839034\" class=\"cmsmasters_heading_wrap cmsmasters_heading_align_center\">\n\t<h6 class=\"cmsmasters_heading\">Napisz do nas.<\/h6>\n<\/div><\/em><\/p>\n<\/div>\n<\/div>\n<\/div>\n<\/div>\n<div class=\"cmsmasters_column one_fourth\">\n<div id=\"cmsmasters_fb_69e752c0556e10_48305308\" class=\"cmsmasters_featured_block\">\n<div class=\"featured_block_inner\">\n<div class=\"featured_block_text\">\n\n<div id=\"cmsmasters_icon_69e752c0557122_34147549\" class=\"cmsmasters_icon_wrap\"><span class=\"cmsmasters_simple_icon cmsmasters-icon-phone-alt\"><\/span><\/div>\n\n<div id=\"cmsmasters_heading_69e752c0557b86_60912493\" class=\"cmsmasters_heading_wrap cmsmasters_heading_align_center\">\n\t<h4 class=\"cmsmasters_heading\">+48-792-485-065<\/h4>\n<\/div><em>\n<div id=\"cmsmasters_heading_69e752c0558560_56013830\" class=\"cmsmasters_heading_wrap cmsmasters_heading_align_center\">\n\t<h6 class=\"cmsmasters_heading\">Zadzwo\u0144 do nas. <\/h6>\n<\/div><\/em><\/p>\n<\/div>\n<\/div>\n<\/div>\n<\/div>\n<div class=\"cmsmasters_column one_fourth\">\n<div id=\"cmsmasters_fb_69e752c0558bd8_63107855\" class=\"cmsmasters_featured_block\">\n<div class=\"featured_block_inner\">\n<div class=\"featured_block_text\">\n\n<div id=\"cmsmasters_icon_69e752c0559085_44263926\" class=\"cmsmasters_icon_wrap\"><span class=\"cmsmasters_simple_icon cmsmasters-icon-user-group\"><\/span><\/div>\n\n<div id=\"cmsmasters_heading_69e752c0559b71_48283001\" class=\"cmsmasters_heading_wrap cmsmasters_heading_align_center\">\n\t<h4 class=\"cmsmasters_heading\">Odwied\u017a Nas<\/h4>\n<\/div><em>\n<div id=\"cmsmasters_heading_69e752c055a457_86338641\" class=\"cmsmasters_heading_wrap cmsmasters_heading_align_center\">\n\t<h6 class=\"cmsmasters_heading\">W ka\u017cd\u0105 niedziel\u0119 o 11.00<\/h6>\n<\/div><\/em><\/p>\n<\/div>\n<\/div>\n<\/div>\n<\/div>\n<\/div>\n<\/div>\n<\/div>\n<\/div>\n<\/div>\n<div id=\"cmsmasters_row_69e752c055a964_39648284\" class=\"cmsmasters_row cmsmasters_color_scheme_default cmsmasters_row_top_default cmsmasters_row_bot_default cmsmasters_row_boxed\">\n<div class=\"cmsmasters_row_outer_parent\">\n<div class=\"cmsmasters_row_outer\">\n<div class=\"cmsmasters_row_inner\">\n<div class=\"cmsmasters_row_margin\">\n<div class=\"cmsmasters_column one_first\">\n\n<div id=\"cmsmasters_heading_69e752c055bbb9_25356205\" class=\"cmsmasters_heading_wrap cmsmasters_heading_align_center\">\n\t<h1 class=\"cmsmasters_heading\">Napisz do nas!<\/h1>\n<\/div>\n<div id=\"cmsmasters_heading_69e752c055c634_36680778\" class=\"cmsmasters_heading_wrap cmsmasters_heading_align_center\">\n\t<h3 class=\"cmsmasters_heading\">Nasz B\u00f3g jest wspania\u0142y!<\/h3>\n<\/div><div class=\"aligncenter\">\n<div class=\"cmsmasters_img  cmsmasters_image_c\">\n<img decoding=\"async\" src=\"http:\/\/baptyscizelow.pl\/wp-content\/uploads\/2016\/05\/ICON.png\" \/>\n<\/div>\n<\/div>\n<\/div>\n<\/div>\n<\/div>\n<\/div>\n<\/div>\n<\/div>\n<div id=\"cmsmasters_row_69e752c0561044_74071551\" class=\"cmsmasters_row cmsmasters_color_scheme_default cmsmasters_row_top_default cmsmasters_row_bot_default cmsmasters_row_boxed\">\n<div class=\"cmsmasters_row_outer_parent\">\n<div class=\"cmsmasters_row_outer\">\n<div class=\"cmsmasters_row_inner\">\n<div class=\"cmsmasters_row_margin\">\n<div class=\"cmsmasters_column one_fourth\">\n<\/div>\n<div class=\"cmsmasters_column one_half\">\n<div class=\"cmsmasters_contact_form\"><div class=\"cmsmasters-form-builder\">\n<div class=\"cmsmasters_notice cmsmasters_notice_success cmsmasters_theme_icon_check success_box\" style=\"display:none;\">\n<div class=\"notice_icon\"><\/div>\n<div class=\"notice_content\">\n<p>Gratulacje - wszystko przebieg\u0142o pomy\u015blnie.<\/p>\n<\/div>\n<\/div>\n<script type=\"text\/javascript\"> \njQuery(document).ready(function () { \n\tjQuery('#form_3717').validationEngine('attach', { \n\t\tpromptPosition : 'topRight', \n\t\tscroll : false, \n\t\tautoPositionUpdate : true, \n\t\tshowArrow : false \n\t\t} ); \n\tjQuery('#form_3717 a#cmsmasters_3717_formsend').click(function () { \n\t\tjQuery('#form_3717 .loading').animate( { opacity : 1 } , 250); \n\t\tif (jQuery('#form_3717').validationEngine('validate')) { \n\t\t\tjQuery.post('http:\/\/baptyscizelow.pl\/wp-content\/plugins\/cmsmasters-contact-form-builder\/inc\/form-builder-sendmail.php', { \n\t\t\t\tcmsmasters_imi_i_nazwisko : jQuery('#cmsmasters_imi_i_nazwisko').val(), \n\t\t\t\tcmsmasters_adres_email : jQuery('#cmsmasters_adres_email').val(), \n\t\t\t\tcmsmasters_twoja_wiadomo : jQuery('#cmsmasters_twoja_wiadomo').val(), \n\t\t\t\tcontactemail : 'MzcxN3xiYXB0eXNjaXplbG93QHBvY3p0YS5vbmV0LnBsfDM3MTc=', \n\t\t\t\tformname : '3717', \r\t\t\tfromname : 'Wiadomo\u015b\u0107 ze strony' \r\t\t\t}, function (data) { \n\t\t\t\tjQuery('#form_3717 .loading').animate( { opacity : 0 } , 250); \n\t\t\t\tjQuery('#form_3717').fadeOut('slow'); \n\t\t\t\tdocument.getElementById('form_3717').reset(); \n\t\t\t\tjQuery('#form_3717').parent().find('.box').hide(); \n\t\t\t\tjQuery('#form_3717').parent().find('.success_box').fadeIn('fast'); \n\t\t\t\tjQuery('html, body').animate( { scrollTop : jQuery('#form_3717').offset().top - 140 } , 'slow'); \n\t\t\t\tjQuery('#form_3717').parent().find('.success_box').delay(5000).fadeOut(1000, function () { \n\t\t\t\t\tjQuery('#form_3717').fadeIn('slow'); \r\t\t\t\t} ); \r\t\t\t} ); \n\t\t\treturn false; \r\t\t} else { \n\t\t\tjQuery('#form_3717 .loading').animate( { opacity : 0 } , 250); \n\t\t\treturn false; \r\t\t} \r\t} ); \r} ); \n<\/script>\n<form action=\"#\" method=\"post\" id=\"form_3717\">\n\n<div class=\"form_info cmsmasters_input one_first\">\n\t<label for=\"cmsmasters_imi_i_nazwisko\">Imi\u0119 i Nazwisko <span class=\"color_2\">*<\/span><\/label>\n\t<div class=\"form_field_wrap\">\n\t\t<input type=\"text\" name=\"cmsmasters_imi_i_nazwisko\" id=\"cmsmasters_imi_i_nazwisko\" value=\"\" size=\"35\" class=\"validate[required]\" \/>\r\t<\/div>\n<\/div>\n<div class=\"form_info cmsmasters_input one_first\">\n\t<label for=\"cmsmasters_adres_email\">Adres Email <span class=\"color_2\">*<\/span><\/label>\n\t<div class=\"form_field_wrap\">\n\t\t<input type=\"text\" name=\"cmsmasters_adres_email\" id=\"cmsmasters_adres_email\" value=\"\" size=\"35\" class=\"validate[required,custom[email]]\" \/>\r\t<\/div>\n<\/div>\n<div class=\"form_info cmsmasters_textarea one_first\">\n\t<label for=\"cmsmasters_twoja_wiadomo\">Twoja wiadomo\u015b\u0107 <span class=\"color_2\">*<\/span><\/label>\n\t<div class=\"form_field_wrap\">\n\t\t<textarea name=\"cmsmasters_twoja_wiadomo\" id=\"cmsmasters_twoja_wiadomo\" cols=\"60\" rows=\"10\" class=\"validate[required]\"><\/textarea>\r\t<\/div>\n<\/div>\n<div class=\"cl\"><\/div>\n<div class=\"loading\"><\/div>\n<div class=\"form_info submit_wrap\">\n<a id=\"cmsmasters_3717_formsend\" class=\"cmsmasters_button\" href=\"#\"><span>Wy\u015blij<\/span><\/a>\n<\/div>\n<div class=\"cl\"><\/div>\n<\/form>\n<\/div><\/div>\n<\/div>\n<div class=\"cmsmasters_column one_fourth\">\n<\/div>\n<\/div>\n<\/div>\n<\/div>\n<\/div>\n<\/div>\n\n","protected":false},"excerpt":{"rendered":"","protected":false},"author":2,"featured_media":0,"parent":0,"menu_order":0,"comment_status":"closed","ping_status":"closed","template":"","meta":{"footnotes":""},"class_list":["post-3641","page","type-page","status-publish","hentry"],"_links":{"self":[{"href":"http:\/\/baptyscizelow.pl\/index.php?rest_route=\/wp\/v2\/pages\/3641","targetHints":{"allow":["GET"]}}],"collection":[{"href":"http:\/\/baptyscizelow.pl\/index.php?rest_route=\/wp\/v2\/pages"}],"about":[{"href":"http:\/\/baptyscizelow.pl\/index.php?rest_route=\/wp\/v2\/types\/page"}],"author":[{"embeddable":true,"href":"http:\/\/baptyscizelow.pl\/index.php?rest_route=\/wp\/v2\/users\/2"}],"replies":[{"embeddable":true,"href":"http:\/\/baptyscizelow.pl\/index.php?rest_route=%2Fwp%2Fv2%2Fcomments&post=3641"}],"version-history":[{"count":20,"href":"http:\/\/baptyscizelow.pl\/index.php?rest_route=\/wp\/v2\/pages\/3641\/revisions"}],"predecessor-version":[{"id":5338,"href":"http:\/\/baptyscizelow.pl\/index.php?rest_route=\/wp\/v2\/pages\/3641\/revisions\/5338"}],"wp:attachment":[{"href":"http:\/\/baptyscizelow.pl\/index.php?rest_route=%2Fwp%2Fv2%2Fmedia&parent=3641"}],"curies":[{"name":"wp","href":"https:\/\/api.w.org\/{rel}","templated":true}]}}