{"id":5125,"date":"2020-02-20T21:05:25","date_gmt":"2020-02-20T20:05:25","guid":{"rendered":"http:\/\/baptyscizelow.pl\/?page_id=5125"},"modified":"2020-02-20T21:05:25","modified_gmt":"2020-02-20T20:05:25","slug":"czytelnia","status":"publish","type":"page","link":"http:\/\/baptyscizelow.pl\/?page_id=5125","title":{"rendered":"Czytelnia"},"content":{"rendered":"<style type=\"text\/css\"> \n#cmsmasters_row_69f2d5f077ff06_20840070 .cmsmasters_row_outer_parent { \n\tpadding-top: 120px; \n} \n\n#cmsmasters_row_69f2d5f077ff06_20840070 .cmsmasters_row_outer_parent { \n\tpadding-bottom: 120px; \n} \n\n<\/style><div id=\"cmsmasters_row_69f2d5f077ff06_20840070\" class=\"cmsmasters_row cmsmasters_color_scheme_default cmsmasters_row_top_default cmsmasters_row_bot_default cmsmasters_row_boxed\">\n<div class=\"cmsmasters_row_outer_parent\">\n<div class=\"cmsmasters_row_outer\">\n<div class=\"cmsmasters_row_inner\">\n<div class=\"cmsmasters_row_margin\">\n<div class=\"cmsmasters_column one_first\">\n<div class=\"cmsmasters_wrap_blog entry-summary\" id=\"blog_69f2d5f07835a4_26955016\"><script type=\"text\/javascript\">\r\njQuery(document).ready(function () {\r\n(function ($) {\r\n\tif ($('#blog_69f2d5f07835a4_26955016').find('article').length == '0') {\r\n\t\treturn false;\r\n\t}\r\n\t\r\n\r\n\tstartBlog( \r\n\t\t'69f2d5f07835a4_26955016', \r\n\t\t'columns', \r\n\t\t'masonry', \r\n\t\t'http:\/\/baptyscizelow.pl\/wp-content\/plugins\/cmsmasters-content-composer\/', \r\n\t\t'date', \r\n\t\t'DESC', \r\n\t\t'12', \r\n\t\t'zbor', \r\n\t\t'date,categories,author,likes,more' \r\n\t);\r\n} )(jQuery);\r\n} );\r\n<\/script>\r\n<div class=\"blog columns masonry cmsmasters_3\">\r\n<!--_________________________ Start Standard Article _________________________ -->\r\n\r\n<article id=\"post-5297\" class=\"cmsmasters_post_masonry post-5297 post type-post status-publish format-standard has-post-thumbnail hentry category-zbor\" data-category=\"zbor\">\r\n\t<div class=\"cmsmasters_post_cont\">\r\n\t<span class=\"cmsmasters_post_date\"><abbr class=\"published\" title=\"13 pa\u017adziernika 2020\">13 pa\u017adziernika 2020<\/abbr><abbr class=\"dn date updated\" title=\"13 pa\u017adziernika 2020\">13 pa\u017adziernika 2020<\/abbr><\/span><header class=\"cmsmasters_post_header entry-header\"><h3 class=\"cmsmasters_post_title entry-title\"><a href=\"http:\/\/baptyscizelow.pl\/?p=5297\">Trzy s\u0142owa odno\u015bnie RELACJI<\/a><\/h3><\/header><div class=\"cmsmasters_post_cont_info entry-meta\"><span class=\"cmsmasters_post_author\"><span class=\"cmsmasters_post_author_suf\">by <\/span><a href=\"http:\/\/baptyscizelow.pl\/?author=3\" title=\"Posts by Pastor Grzegorz S.\" class=\"vcard author\" rel=\"author\"><span class=\"fn\">Pastor Grzegorz S.<\/span><\/a><\/span><span class=\"cmsmasters_post_category\"><span class=\"cmsmasters_post_cat_suf\">in <\/span><a href=\"http:\/\/baptyscizelow.pl\/?cat=57\" class=\"cmsmasters_cat_color cmsmasters_cat_57\" rel=\"category tag\">Zb\u00f3r<\/a><\/span><div class=\"cmsmasters_post_info entry-meta\"><span class=\"cmsmasters_likes cmsmasters_post_likes\"><a href=\"#\" onclick=\"cmsmastersLike(5297); return false;\" id=\"cmsmastersLike-5297\" class=\"cmsmastersLike cmsmasters_theme_icon_like\"><span>0<\/span><\/a><\/span><\/div><\/div><figure class=\"cmsmasters_img_wrap\"><a href=\"http:\/\/baptyscizelow.pl\/?p=5297\" title=\"Trzy s\u0142owa odno\u015bnie RELACJI\" class=\"cmsmasters_img_link preloader\"><img loading=\"lazy\" decoding=\"async\" width=\"580\" height=\"420\" src=\"http:\/\/baptyscizelow.pl\/wp-content\/uploads\/2016\/10\/home-1-r-580x420.jpg\" class=\"full-width wp-post-image\" alt=\"Trzy s\u0142owa odno\u015bnie RELACJI\" title=\"Trzy s\u0142owa odno\u015bnie RELACJI\" \/><\/a><\/figure><div class=\"cmsmasters_post_content entry-content\">\n<p>Poniewa\u017c sezon grypowy jest u nas w pe\u0142ni i ju\u017c drugi tydzie\u0144 nie widzimy si\u0119 na naszej grupie to postanowi\u0142em...<\/p>\n<\/div>\n<footer class=\"cmsmasters_post_footer entry-meta\"><a class=\"cmsmasters_post_read_more\" href=\"http:\/\/baptyscizelow.pl\/?p=5297\">Continue reading...<\/a><\/footer>\t<\/div>\r\n<\/article>\r\n<!--_________________________ Finish Standard Article _________________________ -->\r\n\r\n\r\n<!--_________________________ Start Video Article _________________________ -->\r\n\r\n<article id=\"post-5238\" class=\"cmsmasters_post_masonry post-5238 post type-post status-publish format-video has-post-thumbnail hentry category-zbor post_format-post-format-video\" data-category=\"zbor\">\r\n\t<div class=\"cmsmasters_post_cont\">\r\n\t<span class=\"cmsmasters_post_date\"><abbr class=\"published\" title=\"8 kwietnia 2020\">8 kwietnia 2020<\/abbr><abbr class=\"dn date updated\" title=\"8 kwietnia 2020\">8 kwietnia 2020<\/abbr><\/span><header class=\"cmsmasters_post_header entry-header\"><h3 class=\"cmsmasters_post_title entry-title\"><a href=\"http:\/\/baptyscizelow.pl\/?p=5238\">Kr\u00f3tkie my\u015bli 2.<\/a><\/h3><\/header><div class=\"cmsmasters_post_cont_info entry-meta\"><span class=\"cmsmasters_post_author\"><span class=\"cmsmasters_post_author_suf\">by <\/span><a href=\"http:\/\/baptyscizelow.pl\/?author=3\" title=\"Posts by Pastor Grzegorz S.\" class=\"vcard author\" rel=\"author\"><span class=\"fn\">Pastor Grzegorz S.<\/span><\/a><\/span><span class=\"cmsmasters_post_category\"><span class=\"cmsmasters_post_cat_suf\">in <\/span><a href=\"http:\/\/baptyscizelow.pl\/?cat=57\" class=\"cmsmasters_cat_color cmsmasters_cat_57\" rel=\"category tag\">Zb\u00f3r<\/a><\/span><div class=\"cmsmasters_post_info entry-meta\"><span class=\"cmsmasters_likes cmsmasters_post_likes\"><a href=\"#\" onclick=\"cmsmastersLike(5238); return false;\" id=\"cmsmastersLike-5238\" class=\"cmsmastersLike cmsmasters_theme_icon_like\"><span>0<\/span><\/a><\/span><\/div><\/div><div class=\"cmsmasters_video_wrap\"><iframe loading=\"lazy\" title=\"Kr\u00f3tkie my\u015bli   2.\" width=\"580\" height=\"326\" src=\"https:\/\/www.youtube.com\/embed\/AP6hLAGCflM?feature=oembed\" frameborder=\"0\" allow=\"accelerometer; autoplay; encrypted-media; gyroscope; picture-in-picture\" allowfullscreen><\/iframe><\/div><footer class=\"cmsmasters_post_footer entry-meta\"><a class=\"cmsmasters_post_read_more\" href=\"http:\/\/baptyscizelow.pl\/?p=5238\">Continue reading...<\/a><\/footer>\t<\/div>\r\n<\/article>\r\n<!--_________________________ Finish Video Article _________________________ -->\r\n\r\n\r\n<!--_________________________ Start Video Article _________________________ -->\r\n\r\n<article id=\"post-5208\" class=\"cmsmasters_post_masonry post-5208 post type-post status-publish format-video has-post-thumbnail hentry category-zbor post_format-post-format-video\" data-category=\"zbor\">\r\n\t<div class=\"cmsmasters_post_cont\">\r\n\t<span class=\"cmsmasters_post_date\"><abbr class=\"published\" title=\"18 marca 2020\">18 marca 2020<\/abbr><abbr class=\"dn date updated\" title=\"18 marca 2020\">18 marca 2020<\/abbr><\/span><header class=\"cmsmasters_post_header entry-header\"><h3 class=\"cmsmasters_post_title entry-title\"><a href=\"http:\/\/baptyscizelow.pl\/?p=5208\">Cztery z pi\u0119ciu.<\/a><\/h3><\/header><div class=\"cmsmasters_post_cont_info entry-meta\"><span class=\"cmsmasters_post_author\"><span class=\"cmsmasters_post_author_suf\">by <\/span><a href=\"http:\/\/baptyscizelow.pl\/?author=3\" title=\"Posts by Pastor Grzegorz S.\" class=\"vcard author\" rel=\"author\"><span class=\"fn\">Pastor Grzegorz S.<\/span><\/a><\/span><span class=\"cmsmasters_post_category\"><span class=\"cmsmasters_post_cat_suf\">in <\/span><a href=\"http:\/\/baptyscizelow.pl\/?cat=57\" class=\"cmsmasters_cat_color cmsmasters_cat_57\" rel=\"category tag\">Zb\u00f3r<\/a><\/span><div class=\"cmsmasters_post_info entry-meta\"><span class=\"cmsmasters_likes cmsmasters_post_likes\"><a href=\"#\" onclick=\"cmsmastersLike(5208); return false;\" id=\"cmsmastersLike-5208\" class=\"cmsmastersLike cmsmasters_theme_icon_like\"><span>0<\/span><\/a><\/span><\/div><\/div><div class=\"cmsmasters_video_wrap\"><iframe loading=\"lazy\" title=\"Cztery z pi\u0119ciu.\" width=\"580\" height=\"326\" src=\"https:\/\/www.youtube.com\/embed\/oUNUOCeirpY?feature=oembed\" frameborder=\"0\" allow=\"accelerometer; autoplay; encrypted-media; gyroscope; picture-in-picture\" allowfullscreen><\/iframe><\/div><footer class=\"cmsmasters_post_footer entry-meta\"><a class=\"cmsmasters_post_read_more\" href=\"http:\/\/baptyscizelow.pl\/?p=5208\">Continue reading...<\/a><\/footer>\t<\/div>\r\n<\/article>\r\n<!--_________________________ Finish Video Article _________________________ -->\r\n\r\n\r\n<!--_________________________ Start Standard Article _________________________ -->\r\n\r\n<article id=\"post-5054\" class=\"cmsmasters_post_masonry post-5054 post type-post status-publish format-standard has-post-thumbnail hentry category-zbor\" data-category=\"zbor\">\r\n\t<div class=\"cmsmasters_post_cont\">\r\n\t<span class=\"cmsmasters_post_date\"><abbr class=\"published\" title=\"19 lutego 2020\">19 lutego 2020<\/abbr><abbr class=\"dn date updated\" title=\"18 marca 2020\">18 marca 2020<\/abbr><\/span><header class=\"cmsmasters_post_header entry-header\"><h3 class=\"cmsmasters_post_title entry-title\"><a href=\"http:\/\/baptyscizelow.pl\/?p=5054\">Bawimy si\u0119<\/a><\/h3><\/header><div class=\"cmsmasters_post_cont_info entry-meta\"><span class=\"cmsmasters_post_author\"><span class=\"cmsmasters_post_author_suf\">by <\/span><a href=\"http:\/\/baptyscizelow.pl\/?author=3\" title=\"Posts by Pastor Grzegorz S.\" class=\"vcard author\" rel=\"author\"><span class=\"fn\">Pastor Grzegorz S.<\/span><\/a><\/span><span class=\"cmsmasters_post_category\"><span class=\"cmsmasters_post_cat_suf\">in <\/span><a href=\"http:\/\/baptyscizelow.pl\/?cat=57\" class=\"cmsmasters_cat_color cmsmasters_cat_57\" rel=\"category tag\">Zb\u00f3r<\/a><\/span><div class=\"cmsmasters_post_info entry-meta\"><span class=\"cmsmasters_likes cmsmasters_post_likes\"><a href=\"#\" onclick=\"cmsmastersLike(5054); return false;\" id=\"cmsmastersLike-5054\" class=\"cmsmastersLike cmsmasters_theme_icon_like\"><span>0<\/span><\/a><\/span><\/div><\/div><figure class=\"cmsmasters_img_wrap\"><a href=\"http:\/\/baptyscizelow.pl\/?p=5054\" title=\"Bawimy si\u0119\" class=\"cmsmasters_img_link preloader\"><img loading=\"lazy\" decoding=\"async\" width=\"580\" height=\"420\" src=\"http:\/\/baptyscizelow.pl\/wp-content\/uploads\/2020\/02\/IMG_4170-580x420.jpg\" class=\"full-width wp-post-image\" alt=\"Bawimy si\u0119\" title=\"Bawimy si\u0119\" \/><\/a><\/figure><div class=\"cmsmasters_post_content entry-content\">\n<p>Lubimy gry i zabawy, uwielbiamy rywalizacj\u0119 i zawody. Szczeg\u00f3lnie my, m\u0119\u017cczy\u017ani bez ustanku gotowi jeste\u015bmy na nowe wyzwania i sprawdzanie...<\/p>\n<\/div>\n<footer class=\"cmsmasters_post_footer entry-meta\"><a class=\"cmsmasters_post_read_more\" href=\"http:\/\/baptyscizelow.pl\/?p=5054\">Czytaj Dalej...<\/a><\/footer>\t<\/div>\r\n<\/article>\r\n<!--_________________________ Finish Standard Article _________________________ -->\r\n\r\n<\/div><div class=\"cmsmasters_wrap_more_posts cmsmasters_wrap_more_items\"><\/div><\/div>\n<\/div>\n<\/div>\n<\/div>\n<\/div>\n<\/div>\n<\/div>\n\n","protected":false},"excerpt":{"rendered":"","protected":false},"author":2,"featured_media":0,"parent":0,"menu_order":0,"comment_status":"closed","ping_status":"closed","template":"","meta":{"footnotes":""},"class_list":["post-5125","page","type-page","status-publish","hentry"],"_links":{"self":[{"href":"http:\/\/baptyscizelow.pl\/index.php?rest_route=\/wp\/v2\/pages\/5125","targetHints":{"allow":["GET"]}}],"collection":[{"href":"http:\/\/baptyscizelow.pl\/index.php?rest_route=\/wp\/v2\/pages"}],"about":[{"href":"http:\/\/baptyscizelow.pl\/index.php?rest_route=\/wp\/v2\/types\/page"}],"author":[{"embeddable":true,"href":"http:\/\/baptyscizelow.pl\/index.php?rest_route=\/wp\/v2\/users\/2"}],"replies":[{"embeddable":true,"href":"http:\/\/baptyscizelow.pl\/index.php?rest_route=%2Fwp%2Fv2%2Fcomments&post=5125"}],"version-history":[{"count":2,"href":"http:\/\/baptyscizelow.pl\/index.php?rest_route=\/wp\/v2\/pages\/5125\/revisions"}],"predecessor-version":[{"id":5127,"href":"http:\/\/baptyscizelow.pl\/index.php?rest_route=\/wp\/v2\/pages\/5125\/revisions\/5127"}],"wp:attachment":[{"href":"http:\/\/baptyscizelow.pl\/index.php?rest_route=%2Fwp%2Fv2%2Fmedia&parent=5125"}],"curies":[{"name":"wp","href":"https:\/\/api.w.org\/{rel}","templated":true}]}}